{"id":38,"date":"2022-06-07T07:01:22","date_gmt":"2022-06-07T07:01:22","guid":{"rendered":"https:\/\/demo.ovatheme.com\/retirio\/?page_id=38"},"modified":"2024-03-29T14:07:20","modified_gmt":"2024-03-29T11:07:20","slug":"about","status":"publish","type":"page","link":"https:\/\/www.bizcevahir.com.tr\/en\/about-us\/","title":{"rendered":"About Us"},"content":{"rendered":"\t\t<div data-elementor-type=\"wp-page\" data-elementor-id=\"38\" class=\"elementor elementor-38\">\n\t\t\t\t\t\t\t\t\t<section class=\"elementor-section elementor-top-section elementor-element elementor-element-013ca3e elementor-section-boxed elementor-section-height-default elementor-section-height-default\" data-id=\"013ca3e\" data-element_type=\"section\" data-settings=\"{&quot;background_background&quot;:&quot;classic&quot;}\">\n\t\t\t\t\t\t<div class=\"elementor-container elementor-column-gap-no\">\n\t\t\t\t\t<div class=\"elementor-column elementor-col-50 elementor-top-column elementor-element elementor-element-b6a844e elementor-invisible\" data-id=\"b6a844e\" data-element_type=\"column\" data-settings=\"{&quot;animation&quot;:&quot;ova-move-right&quot;,&quot;animation_tablet&quot;:&quot;none&quot;}\">\n\t\t\t<div class=\"elementor-widget-wrap elementor-element-populated\">\n\t\t\t\t\t\t\t\t<div class=\"elementor-element elementor-element-56708b8 elementor-widget elementor-widget-retirio_elementor_image\" data-id=\"56708b8\" data-element_type=\"widget\" data-widget_type=\"retirio_elementor_image.default\">\n\t\t\t\t<div class=\"elementor-widget-container\">\n\t\t\t\t\t \n\t\t\n\t\t\t\t<div class=\"ova-img template1 type1  \">\n\n\t\t\t\t\t<img decoding=\"async\" src=\"https:\/\/www.bizcevahir.com.tr\/en\/wp-content\/uploads\/2023\/01\/bizcevahir-hakkimizda-1.webp\" alt=\"\">\n\t\t\t<\/div>\n\n\t\t\n\t\t\t\t<\/div>\n\t\t\t\t<\/div>\n\t\t\t\t\t<\/div>\n\t\t<\/div>\n\t\t\t\t<div class=\"elementor-column elementor-col-50 elementor-top-column elementor-element elementor-element-1829eb5 elementor-invisible\" data-id=\"1829eb5\" data-element_type=\"column\" data-settings=\"{&quot;animation&quot;:&quot;ova-move-left&quot;,&quot;animation_tablet&quot;:&quot;none&quot;}\">\n\t\t\t<div class=\"elementor-widget-wrap elementor-element-populated\">\n\t\t\t\t\t\t\t\t<div class=\"elementor-element elementor-element-ddaf573 elementor-widget elementor-widget-image\" data-id=\"ddaf573\" data-element_type=\"widget\" data-widget_type=\"image.default\">\n\t\t\t\t<div class=\"elementor-widget-container\">\n\t\t\t<style>\/*! elementor - v3.8.1 - 13-11-2022 *\/\n.elementor-widget-image{text-align:center}.elementor-widget-image a{display:inline-block}.elementor-widget-image a img[src$=\".svg\"]{width:48px}.elementor-widget-image img{vertical-align:middle;display:inline-block}<\/style>\t\t\t\t\t\t\t\t\t\t\t\t<img loading=\"lazy\" decoding=\"async\" width=\"150\" height=\"150\" src=\"https:\/\/www.bizcevahir.com.tr\/en\/wp-content\/uploads\/2022\/12\/bizcevahir-logo-siyah.svg\" class=\"attachment-thumbnail size-thumbnail\" alt=\"Biz Cevahir \u0130n\u015faat Turizm ve Sa\u011fl\u0131k Yat\u0131r\u0131mlar\u0131 A.\u015e.\" \/>\t\t\t\t\t\t\t\t\t\t\t\t\t\t\t<\/div>\n\t\t\t\t<\/div>\n\t\t\t\t<div class=\"elementor-element elementor-element-2733af6 elementor-widget elementor-widget-retirio_elementor_heading\" data-id=\"2733af6\" data-element_type=\"widget\" data-widget_type=\"retirio_elementor_heading.default\">\n\t\t\t\t<div class=\"elementor-widget-container\">\n\t\t\t\n\t\t<div class=\"ova-title\">\n\n\t\t\t\n\t\t\t\t\t\t\t\t\t\t\t\t\t\t<h2 class=\"title\">\n\t\t\t\t\t\t\t\tAbout <span class=\"underline\">Us<\/span>\t\t\t\t\t\t\t<\/h2>\n\t\t\t\t\t\t\t\n\t\t\t\n\t\t<\/div> \n\t\t\t\t<\/div>\n\t\t\t\t<\/div>\n\t\t\t\t<div class=\"elementor-element elementor-element-dcb995a elementor-widget elementor-widget-text-editor\" data-id=\"dcb995a\" data-element_type=\"widget\" data-widget_type=\"text-editor.default\">\n\t\t\t\t<div class=\"elementor-widget-container\">\n\t\t\t<style>\/*! elementor - v3.8.1 - 13-11-2022 *\/\n.elementor-widget-text-editor.elementor-drop-cap-view-stacked .elementor-drop-cap{background-color:#818a91;color:#fff}.elementor-widget-text-editor.elementor-drop-cap-view-framed .elementor-drop-cap{color:#818a91;border:3px solid;background-color:transparent}.elementor-widget-text-editor:not(.elementor-drop-cap-view-default) .elementor-drop-cap{margin-top:8px}.elementor-widget-text-editor:not(.elementor-drop-cap-view-default) .elementor-drop-cap-letter{width:1em;height:1em}.elementor-widget-text-editor .elementor-drop-cap{float:left;text-align:center;line-height:1;font-size:50px}.elementor-widget-text-editor .elementor-drop-cap-letter{display:inline-block}<\/style>\t\t\t\t<p>Starting in 1959, the Cevahir brothers, who had been working in construction separately, came together as a collective company and established the Cevahirler Commandite Company in 1976. Carrying out construction and contracting activities in various construction fields such as schools, factories, hospitals, water and sewerage networks and bridges in Turkey, the group&#8217;s timely and successful completion of its project obligations accelerated its growth. As a result, the group entered into construction and contracting activities in Libya through the Libya Construction and Trade Consortium Inc. established in 1975, which marked the beginning of the group\u2019s expansion abroad.<\/p><p>In 1978, the Cevahirler Construction and Contracting Limited Company was established in Saudi Arabia. With the participation of the aforementioned company as the manager, the local construction limited company established in Saudi Arabia has undertaken major projects in this country.<\/p>\t\t\t\t\t\t<\/div>\n\t\t\t\t<\/div>\n\t\t\t\t\t<\/div>\n\t\t<\/div>\n\t\t\t\t\t\t\t<\/div>\n\t\t<\/section>\n\t\t\t\t<section class=\"elementor-section elementor-top-section elementor-element elementor-element-e8e90de elementor-section-boxed elementor-section-height-default elementor-section-height-default\" data-id=\"e8e90de\" data-element_type=\"section\">\n\t\t\t\t\t\t<div class=\"elementor-container elementor-column-gap-default\">\n\t\t\t\t\t<div class=\"elementor-column elementor-col-100 elementor-top-column elementor-element elementor-element-5b19198\" data-id=\"5b19198\" data-element_type=\"column\">\n\t\t\t<div class=\"elementor-widget-wrap elementor-element-populated\">\n\t\t\t\t\t\t\t\t<div class=\"elementor-element elementor-element-c660e7e elementor-widget elementor-widget-text-editor\" data-id=\"c660e7e\" data-element_type=\"widget\" data-widget_type=\"text-editor.default\">\n\t\t\t\t<div class=\"elementor-widget-container\">\n\t\t\t\t\t\t\t<p>Cevahir has developed projects with its own equity since 1990. These projects were mainly developed in the tourism sector, with the opening of the Libko Hotel in 1992, the Plaza Hotel in 1995, the Grand Cevahir Hotel and Congress Hall in 2002 and the Cevahir Hotel Istanbul Asia in 2012. The group also managed the projects developed in the tourism sector within its own organization. During this period, Cevahir also undertook projects that attracted worldwide attention. Completed in 1996, the Istanbul Esenler Bus Terminal was inaugurated as the largest bus terminal in Europe and the third largest in the world with an area of 320,000 m2, 324 platforms and a capacity to carry 1 million passengers. Completed in 2005, the Cevahir Istanbul Shopping and Entertainment Center was the largest shopping center in Europe and the second largest in the world with its 425,000 m2 area, 500,000 visitor capacity, 360 stores, 34 dining units, a 22,000 m2 entertainment area, a 9,000 m2 cinema complex including 13 movie theaters and a theater, 1,000 parking spaces, and a 25-meter-high, 25-meter-tall parking lot. It was the subject of many international publications and made an impression all over the world with its unique architectural structure with its 25-meter-high elevated stage, 2,500 m2 glass roof, and the world&#8217;s largest clock on its roof.<\/p><p>Biz Cevahir was established in 2006, and after this year, it has produced its own projects independent of its subsidiary the Cevahir Holding. As of 2006, the company has created the infrastructure for the projects it undertakes by making land and real estate investments. These projects were all realized with its own equity and undertaken by the company itself. In 2011, the Biz Cevahir Sultanahmet Hotel started its operations in one of the most beautiful locations in Sultanahmet with its unique architecture. In 2013, the Biz Cevahir Hotel Istanbul started its operations in the best location of Mecidik\u00f6y, adding a new value to the region with its unique European architecture, and Biz Cevahir continued to expand its activities in the field of tourism with these investments. In addition to tourism investments, Biz Cevahir continued to invest in construction, one of its main fields of activity, and realized the Ferahevler Villas project consisting of luxury villas. Biz Cevahir continued its investments in Ey\u00fcpsultan, one of the most important historical sites of Istanbul, with the opening of the Biz Cevahir Hali\u00e7 Shopping Center in 2016. The Biz Cevahir Shopping Center is one of the largest investments in the region with its 47,000 m2 closed area, 101 independent sections with stores consisting of the country&#8217;s largest retail brands, a parking lot with a capacity of 400 vehicles, and with its high-tech, energy-friendly and sustainable building designed as a continuation of the local texture.<\/p><p>The Biz Cevahir Hotel Istanbul, have continued our operations as DoubleTree by Hilton Esentepe since 2019 through a partnership with the Hilton brand. The hotel has been awarded the &#8216;Connie Award&#8217;, which is Hilton&#8217;s most prestigious award, separately for all brands in the Europe, Middle East, and Africa (EMEA) region in the years 2021 and 2023 among DoubleTree by Hilton Hotels.<\/p><p>Biz Cevahir and its subsidiaries operate in real estate investment, tourism, construction and contracting, service, retail, agriculture, fuel, facility management sectors and continue to grow with their know-how, sectoral experience and new investments.<\/p>\t\t\t\t\t\t<\/div>\n\t\t\t\t<\/div>\n\t\t\t\t\t<\/div>\n\t\t<\/div>\n\t\t\t\t\t\t\t<\/div>\n\t\t<\/section>\n\t\t\t\t\t\t\t<\/div>\n\t\t","protected":false},"excerpt":{"rendered":"<p>About Us Starting in 1959, the Cevahir brothers, who had been working in construction separately, came together as a collective company and established the Cevahirler Commandite Company in 1976. Carrying out construction and contracting activities in various construction fields such as schools, factories, hospitals, water and sewerage networks and bridges in Turkey, the group&#8217;s timely [&hellip;]<\/p>\n","protected":false},"author":1,"featured_media":0,"parent":0,"menu_order":0,"comment_status":"closed","ping_status":"closed","template":"elementor_header_footer","meta":{"inline_featured_image":false,"footnotes":""},"_links":{"self":[{"href":"https:\/\/www.bizcevahir.com.tr\/en\/wp-json\/wp\/v2\/pages\/38"}],"collection":[{"href":"https:\/\/www.bizcevahir.com.tr\/en\/wp-json\/wp\/v2\/pages"}],"about":[{"href":"https:\/\/www.bizcevahir.com.tr\/en\/wp-json\/wp\/v2\/types\/page"}],"author":[{"embeddable":true,"href":"https:\/\/www.bizcevahir.com.tr\/en\/wp-json\/wp\/v2\/users\/1"}],"replies":[{"embeddable":true,"href":"https:\/\/www.bizcevahir.com.tr\/en\/wp-json\/wp\/v2\/comments?post=38"}],"version-history":[{"count":13,"href":"https:\/\/www.bizcevahir.com.tr\/en\/wp-json\/wp\/v2\/pages\/38\/revisions"}],"predecessor-version":[{"id":7112,"href":"https:\/\/www.bizcevahir.com.tr\/en\/wp-json\/wp\/v2\/pages\/38\/revisions\/7112"}],"wp:attachment":[{"href":"https:\/\/www.bizcevahir.com.tr\/en\/wp-json\/wp\/v2\/media?parent=38"}],"curies":[{"name":"wp","href":"https:\/\/api.w.org\/{rel}","templated":true}]}}